{"id":1928,"date":"2024-02-13T10:18:34","date_gmt":"2024-02-13T08:18:34","guid":{"rendered":"https:\/\/aleksanderrogovski22.thkit.ee\/wp\/?page_id=1928"},"modified":"2024-05-15T15:27:41","modified_gmt":"2024-05-15T12:27:41","slug":"kasutusmalliskeem","status":"publish","type":"page","link":"https:\/\/aleksanderrogovski22.thkit.ee\/wp\/kasutusmalliskeem\/","title":{"rendered":"Kasutusmalliskeem"},"content":{"rendered":"\n<h1 class=\"wp-block-heading\">Kasutusmalliskeem<\/h1>\n\n\n\n<p class=\"has-black-color has-text-color has-link-color wp-elements-f3939049f498752dfb7096c361a721ba\"><strong>Kasutlusmalliskeem <\/strong>&#8211; diagramm, mis kajastab osalejate ja pretsedentide vahelisi suhteid ning on pretsedendimudeli komponent, mis v\u00f5imaldab kirjeldada s\u00fcsteemi kontseptuaalsel tasandil<\/p>\n\n\n\n<p class=\"has-black-color has-text-color has-link-color wp-elements-721d29228dacf938938d65afc53f9b02\"><strong>Osaleja <\/strong>(actor) \u2013 see on loogiliselt seotud rollide kogum, mida t\u00e4idetakse koostoimes kasutusjuhtude v\u00f5i olemustega.<\/p>\n\n\n\n<p class=\"has-black-color has-text-color has-link-color wp-elements-92d7149331b961d16c5b11c56e8f8349\"><strong>Kasutusjuht <\/strong>(use-case) \u2013 s\u00fcsteemi k\u00e4itumise kirjeldus kasutaja seisukohast.<\/p>\n\n\n\n<p class=\"has-black-color has-text-color has-link-color wp-elements-6f632b4cabaecfb4a10f3c255821b120\"><strong>M\u00e4rkused<\/strong>:<br>Graafiliselt kujutatakse osalejat \u201cinimese\u201d kujutisega.<br>Kasutusjuhud kujutatakse ellipsina. Kasutusjuht ja osaleja \u00fchendatakse joonte v\u00f5i nooltega.<\/p>\n\n\n\n<figure data-wp-context=\"{&quot;imageId&quot;:&quot;69e740d9e16be&quot;}\" data-wp-interactive=\"core\/image\" data-wp-key=\"69e740d9e16be\" class=\"wp-block-image size-full wp-lightbox-container\"><img loading=\"lazy\" decoding=\"async\" width=\"774\" height=\"534\" data-wp-class--hide=\"state.isContentHidden\" data-wp-class--show=\"state.isContentVisible\" data-wp-init=\"callbacks.setButtonStyles\" data-wp-on--click=\"actions.showLightbox\" data-wp-on--load=\"callbacks.setButtonStyles\" data-wp-on-window--resize=\"callbacks.setButtonStyles\" src=\"https:\/\/aleksanderrogovski22.thkit.ee\/wp\/wp-content\/uploads\/2024\/02\/\u0438\u0437\u043e\u0431\u0440\u0430\u0436\u0435\u043d\u0438\u0435-4.png\" alt=\"\" class=\"wp-image-1941\" srcset=\"https:\/\/aleksanderrogovski22.thkit.ee\/wp\/wp-content\/uploads\/2024\/02\/\u0438\u0437\u043e\u0431\u0440\u0430\u0436\u0435\u043d\u0438\u0435-4.png 774w, https:\/\/aleksanderrogovski22.thkit.ee\/wp\/wp-content\/uploads\/2024\/02\/\u0438\u0437\u043e\u0431\u0440\u0430\u0436\u0435\u043d\u0438\u0435-4-300x207.png 300w, https:\/\/aleksanderrogovski22.thkit.ee\/wp\/wp-content\/uploads\/2024\/02\/\u0438\u0437\u043e\u0431\u0440\u0430\u0436\u0435\u043d\u0438\u0435-4-768x530.png 768w, https:\/\/aleksanderrogovski22.thkit.ee\/wp\/wp-content\/uploads\/2024\/02\/\u0438\u0437\u043e\u0431\u0440\u0430\u0436\u0435\u043d\u0438\u0435-4-150x103.png 150w, https:\/\/aleksanderrogovski22.thkit.ee\/wp\/wp-content\/uploads\/2024\/02\/\u0438\u0437\u043e\u0431\u0440\u0430\u0436\u0435\u043d\u0438\u0435-4-600x414.png 600w\" sizes=\"auto, (max-width: 774px) 100vw, 774px\" \/><button\n\t\t\tclass=\"lightbox-trigger\"\n\t\t\ttype=\"button\"\n\t\t\taria-haspopup=\"dialog\"\n\t\t\taria-label=\"Enlarge\"\n\t\t\tdata-wp-init=\"callbacks.initTriggerButton\"\n\t\t\tdata-wp-on--click=\"actions.showLightbox\"\n\t\t\tdata-wp-style--right=\"state.imageButtonRight\"\n\t\t\tdata-wp-style--top=\"state.imageButtonTop\"\n\t\t>\n\t\t\t<svg xmlns=\"http:\/\/www.w3.org\/2000\/svg\" width=\"12\" height=\"12\" fill=\"none\" viewBox=\"0 0 12 12\">\n\t\t\t\t<path fill=\"#fff\" d=\"M2 0a2 2 0 0 0-2 2v2h1.5V2a.5.5 0 0 1 .5-.5h2V0H2Zm2 10.5H2a.5.5 0 0 1-.5-.5V8H0v2a2 2 0 0 0 2 2h2v-1.5ZM8 12v-1.5h2a.5.5 0 0 0 .5-.5V8H12v2a2 2 0 0 1-2 2H8Zm2-12a2 2 0 0 1 2 2v2h-1.5V2a.5.5 0 0 0-.5-.5H8V0h2Z\" \/>\n\t\t\t<\/svg>\n\t\t<\/button><\/figure>\n\n\n\n<figure data-wp-context=\"{&quot;imageId&quot;:&quot;69e740d9e1a91&quot;}\" data-wp-interactive=\"core\/image\" data-wp-key=\"69e740d9e1a91\" class=\"wp-block-image size-full wp-lightbox-container\"><img loading=\"lazy\" decoding=\"async\" width=\"884\" height=\"637\" data-wp-class--hide=\"state.isContentHidden\" data-wp-class--show=\"state.isContentVisible\" data-wp-init=\"callbacks.setButtonStyles\" data-wp-on--click=\"actions.showLightbox\" data-wp-on--load=\"callbacks.setButtonStyles\" data-wp-on-window--resize=\"callbacks.setButtonStyles\" src=\"https:\/\/aleksanderrogovski22.thkit.ee\/wp\/wp-content\/uploads\/2024\/02\/\u0438\u0437\u043e\u0431\u0440\u0430\u0436\u0435\u043d\u0438\u0435-5.png\" alt=\"\" class=\"wp-image-1943\" srcset=\"https:\/\/aleksanderrogovski22.thkit.ee\/wp\/wp-content\/uploads\/2024\/02\/\u0438\u0437\u043e\u0431\u0440\u0430\u0436\u0435\u043d\u0438\u0435-5.png 884w, https:\/\/aleksanderrogovski22.thkit.ee\/wp\/wp-content\/uploads\/2024\/02\/\u0438\u0437\u043e\u0431\u0440\u0430\u0436\u0435\u043d\u0438\u0435-5-300x216.png 300w, https:\/\/aleksanderrogovski22.thkit.ee\/wp\/wp-content\/uploads\/2024\/02\/\u0438\u0437\u043e\u0431\u0440\u0430\u0436\u0435\u043d\u0438\u0435-5-768x553.png 768w, https:\/\/aleksanderrogovski22.thkit.ee\/wp\/wp-content\/uploads\/2024\/02\/\u0438\u0437\u043e\u0431\u0440\u0430\u0436\u0435\u043d\u0438\u0435-5-150x108.png 150w, https:\/\/aleksanderrogovski22.thkit.ee\/wp\/wp-content\/uploads\/2024\/02\/\u0438\u0437\u043e\u0431\u0440\u0430\u0436\u0435\u043d\u0438\u0435-5-600x432.png 600w\" sizes=\"auto, (max-width: 884px) 100vw, 884px\" \/><button\n\t\t\tclass=\"lightbox-trigger\"\n\t\t\ttype=\"button\"\n\t\t\taria-haspopup=\"dialog\"\n\t\t\taria-label=\"Enlarge\"\n\t\t\tdata-wp-init=\"callbacks.initTriggerButton\"\n\t\t\tdata-wp-on--click=\"actions.showLightbox\"\n\t\t\tdata-wp-style--right=\"state.imageButtonRight\"\n\t\t\tdata-wp-style--top=\"state.imageButtonTop\"\n\t\t>\n\t\t\t<svg xmlns=\"http:\/\/www.w3.org\/2000\/svg\" width=\"12\" height=\"12\" fill=\"none\" viewBox=\"0 0 12 12\">\n\t\t\t\t<path fill=\"#fff\" d=\"M2 0a2 2 0 0 0-2 2v2h1.5V2a.5.5 0 0 1 .5-.5h2V0H2Zm2 10.5H2a.5.5 0 0 1-.5-.5V8H0v2a2 2 0 0 0 2 2h2v-1.5ZM8 12v-1.5h2a.5.5 0 0 0 .5-.5V8H12v2a2 2 0 0 1-2 2H8Zm2-12a2 2 0 0 1 2 2v2h-1.5V2a.5.5 0 0 0-.5-.5H8V0h2Z\" \/>\n\t\t\t<\/svg>\n\t\t<\/button><\/figure>\n","protected":false},"excerpt":{"rendered":"<p>Kasutusmalliskeem Kasutlusmalliskeem &#8211; diagramm, mis kajastab osalejate ja pretsedentide vahelisi suhteid ning on pretsedendimudeli komponent, mis v\u00f5imaldab kirjeldada s\u00fcsteemi kontseptuaalsel tasandil Osaleja (actor) \u2013 see on loogiliselt seotud rollide kogum, mida t\u00e4idetakse koostoimes kasutusjuhtude v\u00f5i olemustega. Kasutusjuht (use-case) \u2013 s\u00fcsteemi k\u00e4itumise kirjeldus kasutaja seisukohast. M\u00e4rkused:Graafiliselt kujutatakse osalejat \u201cinimese\u201d kujutisega.Kasutusjuhud kujutatakse ellipsina. Kasutusjuht ja osaleja \u00fchendatakse joonte v\u00f5i nooltega.<\/p>\n","protected":false},"author":1,"featured_media":0,"parent":0,"menu_order":0,"comment_status":"closed","ping_status":"closed","template":"","meta":{"footnotes":""},"class_list":["post-1928","page","type-page","status-publish","hentry"],"yoast_head":"<!-- This site is optimized with the Yoast SEO plugin v27.4 - https:\/\/yoast.com\/product\/yoast-seo-wordpress\/ -->\n<title>Kasutusmalliskeem - Aleksander Rogovski portfoolio<\/title>\n<meta name=\"robots\" content=\"index, follow, max-snippet:-1, max-image-preview:large, max-video-preview:-1\" \/>\n<link rel=\"canonical\" href=\"https:\/\/aleksanderrogovski22.thkit.ee\/wp\/kasutusmalliskeem\/\" \/>\n<meta property=\"og:locale\" content=\"et_EE\" \/>\n<meta property=\"og:type\" content=\"article\" \/>\n<meta property=\"og:title\" content=\"Kasutusmalliskeem - Aleksander Rogovski portfoolio\" \/>\n<meta property=\"og:description\" content=\"Kasutusmalliskeem Kasutlusmalliskeem &#8211; diagramm, mis kajastab osalejate ja pretsedentide vahelisi suhteid ning on pretsedendimudeli komponent, mis v\u00f5imaldab kirjeldada s\u00fcsteemi kontseptuaalsel tasandil Osaleja (actor) \u2013 see on loogiliselt seotud rollide kogum, mida t\u00e4idetakse koostoimes kasutusjuhtude v\u00f5i olemustega. Kasutusjuht (use-case) \u2013 s\u00fcsteemi k\u00e4itumise kirjeldus kasutaja seisukohast. M\u00e4rkused:Graafiliselt kujutatakse osalejat \u201cinimese\u201d kujutisega.Kasutusjuhud kujutatakse ellipsina. Kasutusjuht ja osaleja \u00fchendatakse joonte v\u00f5i nooltega.\" \/>\n<meta property=\"og:url\" content=\"https:\/\/aleksanderrogovski22.thkit.ee\/wp\/kasutusmalliskeem\/\" \/>\n<meta property=\"og:site_name\" content=\"Aleksander Rogovski portfoolio\" \/>\n<meta property=\"article:modified_time\" content=\"2024-05-15T12:27:41+00:00\" \/>\n<meta name=\"twitter:card\" content=\"summary_large_image\" \/>\n<meta name=\"twitter:label1\" content=\"Est. reading time\" \/>\n\t<meta name=\"twitter:data1\" content=\"1 minut\" \/>\n<script type=\"application\/ld+json\" class=\"yoast-schema-graph\">{\"@context\":\"https:\\\/\\\/schema.org\",\"@graph\":[{\"@type\":\"WebPage\",\"@id\":\"https:\\\/\\\/aleksanderrogovski22.thkit.ee\\\/wp\\\/kasutusmalliskeem\\\/\",\"url\":\"https:\\\/\\\/aleksanderrogovski22.thkit.ee\\\/wp\\\/kasutusmalliskeem\\\/\",\"name\":\"Kasutusmalliskeem - Aleksander Rogovski portfoolio\",\"isPartOf\":{\"@id\":\"https:\\\/\\\/aleksanderrogovski22.thkit.ee\\\/wp\\\/#website\"},\"datePublished\":\"2024-02-13T08:18:34+00:00\",\"dateModified\":\"2024-05-15T12:27:41+00:00\",\"breadcrumb\":{\"@id\":\"https:\\\/\\\/aleksanderrogovski22.thkit.ee\\\/wp\\\/kasutusmalliskeem\\\/#breadcrumb\"},\"inLanguage\":\"et\",\"potentialAction\":[{\"@type\":\"ReadAction\",\"target\":[\"https:\\\/\\\/aleksanderrogovski22.thkit.ee\\\/wp\\\/kasutusmalliskeem\\\/\"]}]},{\"@type\":\"BreadcrumbList\",\"@id\":\"https:\\\/\\\/aleksanderrogovski22.thkit.ee\\\/wp\\\/kasutusmalliskeem\\\/#breadcrumb\",\"itemListElement\":[{\"@type\":\"ListItem\",\"position\":1,\"name\":\"\u0413\u043b\u0430\u0432\u043d\u0430\u044f \u0441\u0442\u0440\u0430\u043d\u0438\u0446\u0430\",\"item\":\"https:\\\/\\\/aleksanderrogovski22.thkit.ee\\\/wp\\\/\"},{\"@type\":\"ListItem\",\"position\":2,\"name\":\"Kasutusmalliskeem\"}]},{\"@type\":\"WebSite\",\"@id\":\"https:\\\/\\\/aleksanderrogovski22.thkit.ee\\\/wp\\\/#website\",\"url\":\"https:\\\/\\\/aleksanderrogovski22.thkit.ee\\\/wp\\\/\",\"name\":\"Aleksander Rogovski portfoolio\",\"description\":\"Noorem tarkvaraarendaja\",\"potentialAction\":[{\"@type\":\"SearchAction\",\"target\":{\"@type\":\"EntryPoint\",\"urlTemplate\":\"https:\\\/\\\/aleksanderrogovski22.thkit.ee\\\/wp\\\/?s={search_term_string}\"},\"query-input\":{\"@type\":\"PropertyValueSpecification\",\"valueRequired\":true,\"valueName\":\"search_term_string\"}}],\"inLanguage\":\"et\"}]}<\/script>\n<!-- \/ Yoast SEO plugin. -->","yoast_head_json":{"title":"Kasutusmalliskeem - Aleksander Rogovski portfoolio","robots":{"index":"index","follow":"follow","max-snippet":"max-snippet:-1","max-image-preview":"max-image-preview:large","max-video-preview":"max-video-preview:-1"},"canonical":"https:\/\/aleksanderrogovski22.thkit.ee\/wp\/kasutusmalliskeem\/","og_locale":"et_EE","og_type":"article","og_title":"Kasutusmalliskeem - Aleksander Rogovski portfoolio","og_description":"Kasutusmalliskeem Kasutlusmalliskeem &#8211; diagramm, mis kajastab osalejate ja pretsedentide vahelisi suhteid ning on pretsedendimudeli komponent, mis v\u00f5imaldab kirjeldada s\u00fcsteemi kontseptuaalsel tasandil Osaleja (actor) \u2013 see on loogiliselt seotud rollide kogum, mida t\u00e4idetakse koostoimes kasutusjuhtude v\u00f5i olemustega. Kasutusjuht (use-case) \u2013 s\u00fcsteemi k\u00e4itumise kirjeldus kasutaja seisukohast. M\u00e4rkused:Graafiliselt kujutatakse osalejat \u201cinimese\u201d kujutisega.Kasutusjuhud kujutatakse ellipsina. Kasutusjuht ja osaleja \u00fchendatakse joonte v\u00f5i nooltega.","og_url":"https:\/\/aleksanderrogovski22.thkit.ee\/wp\/kasutusmalliskeem\/","og_site_name":"Aleksander Rogovski portfoolio","article_modified_time":"2024-05-15T12:27:41+00:00","twitter_card":"summary_large_image","twitter_misc":{"Est. reading time":"1 minut"},"schema":{"@context":"https:\/\/schema.org","@graph":[{"@type":"WebPage","@id":"https:\/\/aleksanderrogovski22.thkit.ee\/wp\/kasutusmalliskeem\/","url":"https:\/\/aleksanderrogovski22.thkit.ee\/wp\/kasutusmalliskeem\/","name":"Kasutusmalliskeem - Aleksander Rogovski portfoolio","isPartOf":{"@id":"https:\/\/aleksanderrogovski22.thkit.ee\/wp\/#website"},"datePublished":"2024-02-13T08:18:34+00:00","dateModified":"2024-05-15T12:27:41+00:00","breadcrumb":{"@id":"https:\/\/aleksanderrogovski22.thkit.ee\/wp\/kasutusmalliskeem\/#breadcrumb"},"inLanguage":"et","potentialAction":[{"@type":"ReadAction","target":["https:\/\/aleksanderrogovski22.thkit.ee\/wp\/kasutusmalliskeem\/"]}]},{"@type":"BreadcrumbList","@id":"https:\/\/aleksanderrogovski22.thkit.ee\/wp\/kasutusmalliskeem\/#breadcrumb","itemListElement":[{"@type":"ListItem","position":1,"name":"\u0413\u043b\u0430\u0432\u043d\u0430\u044f \u0441\u0442\u0440\u0430\u043d\u0438\u0446\u0430","item":"https:\/\/aleksanderrogovski22.thkit.ee\/wp\/"},{"@type":"ListItem","position":2,"name":"Kasutusmalliskeem"}]},{"@type":"WebSite","@id":"https:\/\/aleksanderrogovski22.thkit.ee\/wp\/#website","url":"https:\/\/aleksanderrogovski22.thkit.ee\/wp\/","name":"Aleksander Rogovski portfoolio","description":"Noorem tarkvaraarendaja","potentialAction":[{"@type":"SearchAction","target":{"@type":"EntryPoint","urlTemplate":"https:\/\/aleksanderrogovski22.thkit.ee\/wp\/?s={search_term_string}"},"query-input":{"@type":"PropertyValueSpecification","valueRequired":true,"valueName":"search_term_string"}}],"inLanguage":"et"}]}},"_links":{"self":[{"href":"https:\/\/aleksanderrogovski22.thkit.ee\/wp\/wp-json\/wp\/v2\/pages\/1928","targetHints":{"allow":["GET"]}}],"collection":[{"href":"https:\/\/aleksanderrogovski22.thkit.ee\/wp\/wp-json\/wp\/v2\/pages"}],"about":[{"href":"https:\/\/aleksanderrogovski22.thkit.ee\/wp\/wp-json\/wp\/v2\/types\/page"}],"author":[{"embeddable":true,"href":"https:\/\/aleksanderrogovski22.thkit.ee\/wp\/wp-json\/wp\/v2\/users\/1"}],"replies":[{"embeddable":true,"href":"https:\/\/aleksanderrogovski22.thkit.ee\/wp\/wp-json\/wp\/v2\/comments?post=1928"}],"version-history":[{"count":5,"href":"https:\/\/aleksanderrogovski22.thkit.ee\/wp\/wp-json\/wp\/v2\/pages\/1928\/revisions"}],"predecessor-version":[{"id":2031,"href":"https:\/\/aleksanderrogovski22.thkit.ee\/wp\/wp-json\/wp\/v2\/pages\/1928\/revisions\/2031"}],"wp:attachment":[{"href":"https:\/\/aleksanderrogovski22.thkit.ee\/wp\/wp-json\/wp\/v2\/media?parent=1928"}],"curies":[{"name":"wp","href":"https:\/\/api.w.org\/{rel}","templated":true}]}}