{"id":228,"date":"2022-11-11T11:19:03","date_gmt":"2022-11-11T09:19:03","guid":{"rendered":"https:\/\/aleksrogovskii.wordpress.com\/?page_id=228"},"modified":"2022-11-11T11:19:03","modified_gmt":"2022-11-11T09:19:03","slug":"sonastik","status":"publish","type":"page","link":"https:\/\/aleksanderrogovski22.thkit.ee\/wp\/sonastik\/","title":{"rendered":"S\u00f5nastik"},"content":{"rendered":"\n<p class=\"has-large-font-size\"><strong>Algoritm-\u0410\u043b\u0433\u043e\u0440\u0438\u0442\u043c <\/strong><\/p>\n\n\n\n<p class=\"has-medium-font-size\"><br> <strong>T\u00e4pne-\u0422\u043e\u0447\u043d\u044b\u0439<\/strong><br>  \u00dchet\u00e4henduslik-\u041e\u0434\u043d\u043e\u0437\u043d\u0430\u0447\u043d\u043e\u0441\u0442\u044c<br> <strong>L\u00f5plik-\u041a\u043e\u043d\u0435\u0447\u043d\u043e\u0441\u0442\u044c\/\u0440\u0435\u0448\u0435\u043d\u0438\u0435<\/strong><br>  Lahendus-\u0420\u0435\u0448\u0435\u043d\u0438\u0435<br><strong> \u00dcldine-\u041e\u0431\u0449\u043d\u043e\u0441\u0442\u044c<\/strong><br>  Mitu-\u041d\u0435\u0441\u043a\u043e\u043b\u044c\u043a\u043e \u0432\u0445\u043e\u0434\u043d\u044b\u0445 \u0437\u043d\u0430\u0447\u0435\u043d\u0438\u0439<br> <strong>Efektiivne-\u042d\u0444\u0435\u043a\u0442\u0438\u0432\u043d\u044b\u0439, \u0434\u0430\u0451\u0442 \u043f\u0440\u0430\u0432\u0438\u043b\u044c\u043d\u044b\u0439 \u043e\u0442\u0432\u0435\u0442, \u0431\u0435\u0437 \u0431\u0430\u0433\u043e\u0432<\/strong><br>  Korrektne vastus-\u041a\u043e\u0440\u0440\u0435\u043a\u0442\u043d\u044b\u0439 \u043e\u0442\u0432\u0435\u0442<\/p>\n\n\n\n<p class=\"has-large-font-size\"><strong>Plokkseem-\u0411\u043b\u043e\u043a \u0441\u0445\u0435\u043c\u0430<\/strong><\/p>\n\n\n\n<p class=\"has-medium-font-size\"><br><strong> Ristk\u00fclik-\u041f\u0440\u044f\u043c\u043e\u0443\u0433\u043e\u043b\u044c\u043d\u0438\u043a, \u043f\u0440\u0438\u0441\u0432\u0430\u0438\u0432\u0430\u043d\u0438\u0435 \u0438  \u0434\u0435\u0439\u0441\u0442\u0432\u0438\u044f*\u0432\u044b\u0447\u0438\u0441\u043b\u0435\u043d\u0438\u044f*<\/strong><br>  Tegevus-\u041a\u0430\u043a\u043e\u0435-\u0442\u043e \u0434\u0435\u0439\u0441\u0442\u0432\u0438\u0435<br><strong> R\u00f5\u00f5pk\u00fclik-\u043f\u0430\u0440\u0430\u043b\u043b\u0435\u043b\u043e\u0433\u0440\u0430\u043c\u043c, \u043f\u0440\u0438\u0441\u0432\u043e\u0435\u043d\u0438\u0435 \u0437\u043d\u0430\u0447\u0435\u043d\u0438\u0439, \u043f\u043e\u043b\u0443\u0447\u0435\u043d\u0438\u0435 \u043a\u043e\u043d\u0435\u0447\u043d\u044b\u0445      \u0434\u0430\u043d\u043d\u044b\u0445<\/strong><br>  Sisend ja v\u00e4ljund-\u0432\u0437\u043e\u0434 \u0438 \u0432\u044b\u0445\u043e\u0434 \u0434\u0430\u043d\u043d\u044b\u0445<br><strong> Romb-\u0440\u043e\u043c\u0431<\/strong><br>  Tingimus-\u0423\u0441\u043b\u043e\u0432\u0438\u044f, \u0439\u0435\u0441 \u043e\u0440 \u043d\u043e\u0443<br> <strong>Ovaal- \u043e\u0432\u0430\u043b. \u041d\u0430\u0447\u0430\u043b\u043e \u0438 \u043a\u043e\u043d\u0435\u0446<\/strong><br>  Algus ja l\u00f5pp- \u041d\u0430\u0447\u0430\u043b\u043e \u0438 \u043a\u043e\u043d\u0435\u0446<br><strong> nool-\u0441\u0442\u0440\u0435\u043b\u043a\u0430<\/strong><br>  Suund-\u041d\u0430\u043f\u0440\u0430\u0432\u043b\u0435\u043d\u0438\u0435 *\u0434\u0430\u043d\u043d\u044b\u0445*<\/p>\n\n\n\n<p class=\"has-large-font-size\"><strong>Programm-\u041f\u0440\u043e\u0433\u0440\u0430\u043c\u043c\u0430<\/strong><\/p>\n\n\n\n<p class=\"has-medium-font-size\"><br> Sisend ja v\u00e4ljund-<br> <strong>K\u00e4sk-\u041a\u043e\u043c\u043c\u0430\u043d\u0434\u0430, \u043f\u0440\u0438\u043a\u0430\u0437 *\u0432 \u043a\u043e\u0434\u0435*<\/strong><br> Programmerimiskeel-\u042f\u0437\u044b\u043a \u043f\u0440\u043e\u0433\u0440\u0430\u043c\u043c\u0438\u0440\u043e\u0432\u0430\u043d\u0438\u044f<br><strong> S\u00fcntaks-\u0421\u0438\u043d\u0442\u0430\u043a\u0441<\/strong><br> Semantika ja t\u00e4hendus\u00f5petus-\u0421\u0435\u043c\u0430\u043d\u0442\u0438\u043a\u0430, \u0443\u0447\u0435\u043d\u0438\u0435 \u043e\u0431\u043e\u0437\u043d\u0430\u0447\u0435\u043d\u0438\u0439<br> <strong>Masinakeel-\u041c\u0430\u0448\u0438\u043d\u043d\u044b\u0439 \u044f\u0437\u044b\u043a<\/strong><br> Assemblerkeel-\u042f\u0437\u044b\u043a \u0410\u0441\u0441\u0435\u043c\u0431\u043b\u0435\u0440\u0430<br> <strong>Masinak\u00e4sk-\u043c\u0430\u0448\u0438\u043d\u043d\u044b\u0435 \u043a\u043e\u043c\u043c\u0430\u043d\u0434\u044b<\/strong><br> <strong>Muutuja-\u041f\u0435\u0440\u0435\u043c\u0435\u043d\u043d\u0430\u044f<\/strong><br>  T\u00e4isarv-\u0426\u0435\u043b\u043e\u0435 \u0447\u0438\u0441\u043b\u043e, int 16<br>  Ujukomaarv-\u0414\u0440\u043e\u0431\u043d\u043e\u0435,Float 3.14<br>  S\u00f5ne,tekst-str, \u0442\u0435\u043a\u0441\u0442<br>  T\u00f5ev\u00e4rtus-\u0411\u0443\u043b\u0435\u0432\u043e\u0435, true or false<br><strong> Kommentaar-\u041a\u043e\u043c\u043c\u0435\u043d\u0442\u0430\u0440\u0438\u0439<\/strong><br> Viga-\u041e\u0448\u0438\u0431\u043a\u0430<br> <\/p>\n\n\n\n<h2 class=\"wp-block-heading\">Tingimuslik operaator (Valik lause)<\/h2>\n\n\n\n<p>T\u00f5ene &#8211;  \u0438\u0441\u0442\u0438\u043d\u043d\u044b\u0439<br>Tehe &#8211; \u0434\u0435\u0439\u0441\u0442\u0432\u0438\u0435<br>Tingimus &#8211; \u0443\u0441\u043b\u043e\u0432\u0438\u0435<br>v\u00e4ljastatakse &#8211; \u0432\u044b\u0432\u0435\u0434\u0435\u0442\u0441\u044f<br>Veateade &#8211; \u0421\u043e\u043e\u0431\u0449\u0435\u043d\u0438\u0435 \u043e\u0431 \u043e\u0448\u0438\u0431\u043a\u0435<br>Hargnemine &#8211; \u0432\u0435\u0442\u043b\u0435\u043d\u0438\u0435<br>haru &#8211; \u0432\u0435\u0442\u0432\u044c<br>Taand &#8211; \u043e\u0442\u0441\u0442\u0443\u043f<br><\/p>\n\n\n\n<p>meeldimiste arv &#8211; \u043a\u043e\u043b-\u0432\u043e \u043b\u0430\u0439\u043a\u043e\u0432<\/p>\n","protected":false},"excerpt":{"rendered":"<p>Algoritm-\u0410\u043b\u0433\u043e\u0440\u0438\u0442\u043c T\u00e4pne-\u0422\u043e\u0447\u043d\u044b\u0439 \u00dchet\u00e4henduslik-\u041e\u0434\u043d\u043e\u0437\u043d\u0430\u0447\u043d\u043e\u0441\u0442\u044c L\u00f5plik-\u041a\u043e\u043d\u0435\u0447\u043d\u043e\u0441\u0442\u044c\/\u0440\u0435\u0448\u0435\u043d\u0438\u0435 Lahendus-\u0420\u0435\u0448\u0435\u043d\u0438\u0435 \u00dcldine-\u041e\u0431\u0449\u043d\u043e\u0441\u0442\u044c Mitu-\u041d\u0435\u0441\u043a\u043e\u043b\u044c\u043a\u043e \u0432\u0445\u043e\u0434\u043d\u044b\u0445 \u0437\u043d\u0430\u0447\u0435\u043d\u0438\u0439 Efektiivne-\u042d\u0444\u0435\u043a\u0442\u0438\u0432\u043d\u044b\u0439, \u0434\u0430\u0451\u0442 \u043f\u0440\u0430\u0432\u0438\u043b\u044c\u043d\u044b\u0439 \u043e\u0442\u0432\u0435\u0442, \u0431\u0435\u0437 \u0431\u0430\u0433\u043e\u0432 Korrektne vastus-\u041a\u043e\u0440\u0440\u0435\u043a\u0442\u043d\u044b\u0439 \u043e\u0442\u0432\u0435\u0442 Plokkseem-\u0411\u043b\u043e\u043a \u0441\u0445\u0435\u043c\u0430 Ristk\u00fclik-\u041f\u0440\u044f\u043c\u043e\u0443\u0433\u043e\u043b\u044c\u043d\u0438\u043a, \u043f\u0440\u0438\u0441\u0432\u0430\u0438\u0432\u0430\u043d\u0438\u0435 \u0438 \u0434\u0435\u0439\u0441\u0442\u0432\u0438\u044f*\u0432\u044b\u0447\u0438\u0441\u043b\u0435\u043d\u0438\u044f* Tegevus-\u041a\u0430\u043a\u043e\u0435-\u0442\u043e \u0434\u0435\u0439\u0441\u0442\u0432\u0438\u0435 R\u00f5\u00f5pk\u00fclik-\u043f\u0430\u0440\u0430\u043b\u043b\u0435\u043b\u043e\u0433\u0440\u0430\u043c\u043c, \u043f\u0440\u0438\u0441\u0432\u043e\u0435\u043d\u0438\u0435 \u0437\u043d\u0430\u0447\u0435\u043d\u0438\u0439, \u043f\u043e\u043b\u0443\u0447\u0435\u043d\u0438\u0435 \u043a\u043e\u043d\u0435\u0447\u043d\u044b\u0445 \u0434\u0430\u043d\u043d\u044b\u0445 Sisend ja v\u00e4ljund-\u0432\u0437\u043e\u0434 \u0438 \u0432\u044b\u0445\u043e\u0434 \u0434\u0430\u043d\u043d\u044b\u0445 Romb-\u0440\u043e\u043c\u0431 Tingimus-\u0423\u0441\u043b\u043e\u0432\u0438\u044f, \u0439\u0435\u0441 \u043e\u0440 \u043d\u043e\u0443 Ovaal- \u043e\u0432\u0430\u043b. \u041d\u0430\u0447\u0430\u043b\u043e \u0438 \u043a\u043e\u043d\u0435\u0446 Algus ja l\u00f5pp- \u041d\u0430\u0447\u0430\u043b\u043e \u0438 \u043a\u043e\u043d\u0435\u0446 nool-\u0441\u0442\u0440\u0435\u043b\u043a\u0430 Suund-\u041d\u0430\u043f\u0440\u0430\u0432\u043b\u0435\u043d\u0438\u0435 *\u0434\u0430\u043d\u043d\u044b\u0445* Programm-\u041f\u0440\u043e\u0433\u0440\u0430\u043c\u043c\u0430 Sisend ja [&hellip;]<\/p>\n","protected":false},"author":2,"featured_media":0,"parent":0,"menu_order":0,"comment_status":"closed","ping_status":"closed","template":"","meta":{"footnotes":""},"class_list":["post-228","page","type-page","status-publish","hentry"],"yoast_head":"<!-- This site is optimized with the Yoast SEO plugin v27.4 - https:\/\/yoast.com\/product\/yoast-seo-wordpress\/ -->\n<title>S\u00f5nastik - Aleksander Rogovski portfoolio<\/title>\n<meta name=\"robots\" content=\"index, follow, max-snippet:-1, max-image-preview:large, max-video-preview:-1\" \/>\n<link rel=\"canonical\" href=\"https:\/\/aleksanderrogovski22.thkit.ee\/wp\/sonastik\/\" \/>\n<meta property=\"og:locale\" content=\"et_EE\" \/>\n<meta property=\"og:type\" content=\"article\" \/>\n<meta property=\"og:title\" content=\"S\u00f5nastik - Aleksander Rogovski portfoolio\" \/>\n<meta property=\"og:description\" content=\"Algoritm-\u0410\u043b\u0433\u043e\u0440\u0438\u0442\u043c T\u00e4pne-\u0422\u043e\u0447\u043d\u044b\u0439 \u00dchet\u00e4henduslik-\u041e\u0434\u043d\u043e\u0437\u043d\u0430\u0447\u043d\u043e\u0441\u0442\u044c L\u00f5plik-\u041a\u043e\u043d\u0435\u0447\u043d\u043e\u0441\u0442\u044c\/\u0440\u0435\u0448\u0435\u043d\u0438\u0435 Lahendus-\u0420\u0435\u0448\u0435\u043d\u0438\u0435 \u00dcldine-\u041e\u0431\u0449\u043d\u043e\u0441\u0442\u044c Mitu-\u041d\u0435\u0441\u043a\u043e\u043b\u044c\u043a\u043e \u0432\u0445\u043e\u0434\u043d\u044b\u0445 \u0437\u043d\u0430\u0447\u0435\u043d\u0438\u0439 Efektiivne-\u042d\u0444\u0435\u043a\u0442\u0438\u0432\u043d\u044b\u0439, \u0434\u0430\u0451\u0442 \u043f\u0440\u0430\u0432\u0438\u043b\u044c\u043d\u044b\u0439 \u043e\u0442\u0432\u0435\u0442, \u0431\u0435\u0437 \u0431\u0430\u0433\u043e\u0432 Korrektne vastus-\u041a\u043e\u0440\u0440\u0435\u043a\u0442\u043d\u044b\u0439 \u043e\u0442\u0432\u0435\u0442 Plokkseem-\u0411\u043b\u043e\u043a \u0441\u0445\u0435\u043c\u0430 Ristk\u00fclik-\u041f\u0440\u044f\u043c\u043e\u0443\u0433\u043e\u043b\u044c\u043d\u0438\u043a, \u043f\u0440\u0438\u0441\u0432\u0430\u0438\u0432\u0430\u043d\u0438\u0435 \u0438 \u0434\u0435\u0439\u0441\u0442\u0432\u0438\u044f*\u0432\u044b\u0447\u0438\u0441\u043b\u0435\u043d\u0438\u044f* Tegevus-\u041a\u0430\u043a\u043e\u0435-\u0442\u043e \u0434\u0435\u0439\u0441\u0442\u0432\u0438\u0435 R\u00f5\u00f5pk\u00fclik-\u043f\u0430\u0440\u0430\u043b\u043b\u0435\u043b\u043e\u0433\u0440\u0430\u043c\u043c, \u043f\u0440\u0438\u0441\u0432\u043e\u0435\u043d\u0438\u0435 \u0437\u043d\u0430\u0447\u0435\u043d\u0438\u0439, \u043f\u043e\u043b\u0443\u0447\u0435\u043d\u0438\u0435 \u043a\u043e\u043d\u0435\u0447\u043d\u044b\u0445 \u0434\u0430\u043d\u043d\u044b\u0445 Sisend ja v\u00e4ljund-\u0432\u0437\u043e\u0434 \u0438 \u0432\u044b\u0445\u043e\u0434 \u0434\u0430\u043d\u043d\u044b\u0445 Romb-\u0440\u043e\u043c\u0431 Tingimus-\u0423\u0441\u043b\u043e\u0432\u0438\u044f, \u0439\u0435\u0441 \u043e\u0440 \u043d\u043e\u0443 Ovaal- \u043e\u0432\u0430\u043b. \u041d\u0430\u0447\u0430\u043b\u043e \u0438 \u043a\u043e\u043d\u0435\u0446 Algus ja l\u00f5pp- \u041d\u0430\u0447\u0430\u043b\u043e \u0438 \u043a\u043e\u043d\u0435\u0446 nool-\u0441\u0442\u0440\u0435\u043b\u043a\u0430 Suund-\u041d\u0430\u043f\u0440\u0430\u0432\u043b\u0435\u043d\u0438\u0435 *\u0434\u0430\u043d\u043d\u044b\u0445* Programm-\u041f\u0440\u043e\u0433\u0440\u0430\u043c\u043c\u0430 Sisend ja [&hellip;]\" \/>\n<meta property=\"og:url\" content=\"https:\/\/aleksanderrogovski22.thkit.ee\/wp\/sonastik\/\" \/>\n<meta property=\"og:site_name\" content=\"Aleksander Rogovski portfoolio\" \/>\n<meta name=\"twitter:card\" content=\"summary_large_image\" \/>\n<script type=\"application\/ld+json\" class=\"yoast-schema-graph\">{\"@context\":\"https:\\\/\\\/schema.org\",\"@graph\":[{\"@type\":\"WebPage\",\"@id\":\"https:\\\/\\\/aleksanderrogovski22.thkit.ee\\\/wp\\\/sonastik\\\/\",\"url\":\"https:\\\/\\\/aleksanderrogovski22.thkit.ee\\\/wp\\\/sonastik\\\/\",\"name\":\"S\u00f5nastik - Aleksander Rogovski portfoolio\",\"isPartOf\":{\"@id\":\"https:\\\/\\\/aleksanderrogovski22.thkit.ee\\\/wp\\\/#website\"},\"datePublished\":\"2022-11-11T09:19:03+00:00\",\"breadcrumb\":{\"@id\":\"https:\\\/\\\/aleksanderrogovski22.thkit.ee\\\/wp\\\/sonastik\\\/#breadcrumb\"},\"inLanguage\":\"et\",\"potentialAction\":[{\"@type\":\"ReadAction\",\"target\":[\"https:\\\/\\\/aleksanderrogovski22.thkit.ee\\\/wp\\\/sonastik\\\/\"]}]},{\"@type\":\"BreadcrumbList\",\"@id\":\"https:\\\/\\\/aleksanderrogovski22.thkit.ee\\\/wp\\\/sonastik\\\/#breadcrumb\",\"itemListElement\":[{\"@type\":\"ListItem\",\"position\":1,\"name\":\"\u0413\u043b\u0430\u0432\u043d\u0430\u044f \u0441\u0442\u0440\u0430\u043d\u0438\u0446\u0430\",\"item\":\"https:\\\/\\\/aleksanderrogovski22.thkit.ee\\\/wp\\\/\"},{\"@type\":\"ListItem\",\"position\":2,\"name\":\"S\u00f5nastik\"}]},{\"@type\":\"WebSite\",\"@id\":\"https:\\\/\\\/aleksanderrogovski22.thkit.ee\\\/wp\\\/#website\",\"url\":\"https:\\\/\\\/aleksanderrogovski22.thkit.ee\\\/wp\\\/\",\"name\":\"Aleksander Rogovski portfoolio\",\"description\":\"Noorem tarkvaraarendaja\",\"potentialAction\":[{\"@type\":\"SearchAction\",\"target\":{\"@type\":\"EntryPoint\",\"urlTemplate\":\"https:\\\/\\\/aleksanderrogovski22.thkit.ee\\\/wp\\\/?s={search_term_string}\"},\"query-input\":{\"@type\":\"PropertyValueSpecification\",\"valueRequired\":true,\"valueName\":\"search_term_string\"}}],\"inLanguage\":\"et\"}]}<\/script>\n<!-- \/ Yoast SEO plugin. -->","yoast_head_json":{"title":"S\u00f5nastik - Aleksander Rogovski portfoolio","robots":{"index":"index","follow":"follow","max-snippet":"max-snippet:-1","max-image-preview":"max-image-preview:large","max-video-preview":"max-video-preview:-1"},"canonical":"https:\/\/aleksanderrogovski22.thkit.ee\/wp\/sonastik\/","og_locale":"et_EE","og_type":"article","og_title":"S\u00f5nastik - Aleksander Rogovski portfoolio","og_description":"Algoritm-\u0410\u043b\u0433\u043e\u0440\u0438\u0442\u043c T\u00e4pne-\u0422\u043e\u0447\u043d\u044b\u0439 \u00dchet\u00e4henduslik-\u041e\u0434\u043d\u043e\u0437\u043d\u0430\u0447\u043d\u043e\u0441\u0442\u044c L\u00f5plik-\u041a\u043e\u043d\u0435\u0447\u043d\u043e\u0441\u0442\u044c\/\u0440\u0435\u0448\u0435\u043d\u0438\u0435 Lahendus-\u0420\u0435\u0448\u0435\u043d\u0438\u0435 \u00dcldine-\u041e\u0431\u0449\u043d\u043e\u0441\u0442\u044c Mitu-\u041d\u0435\u0441\u043a\u043e\u043b\u044c\u043a\u043e \u0432\u0445\u043e\u0434\u043d\u044b\u0445 \u0437\u043d\u0430\u0447\u0435\u043d\u0438\u0439 Efektiivne-\u042d\u0444\u0435\u043a\u0442\u0438\u0432\u043d\u044b\u0439, \u0434\u0430\u0451\u0442 \u043f\u0440\u0430\u0432\u0438\u043b\u044c\u043d\u044b\u0439 \u043e\u0442\u0432\u0435\u0442, \u0431\u0435\u0437 \u0431\u0430\u0433\u043e\u0432 Korrektne vastus-\u041a\u043e\u0440\u0440\u0435\u043a\u0442\u043d\u044b\u0439 \u043e\u0442\u0432\u0435\u0442 Plokkseem-\u0411\u043b\u043e\u043a \u0441\u0445\u0435\u043c\u0430 Ristk\u00fclik-\u041f\u0440\u044f\u043c\u043e\u0443\u0433\u043e\u043b\u044c\u043d\u0438\u043a, \u043f\u0440\u0438\u0441\u0432\u0430\u0438\u0432\u0430\u043d\u0438\u0435 \u0438 \u0434\u0435\u0439\u0441\u0442\u0432\u0438\u044f*\u0432\u044b\u0447\u0438\u0441\u043b\u0435\u043d\u0438\u044f* Tegevus-\u041a\u0430\u043a\u043e\u0435-\u0442\u043e \u0434\u0435\u0439\u0441\u0442\u0432\u0438\u0435 R\u00f5\u00f5pk\u00fclik-\u043f\u0430\u0440\u0430\u043b\u043b\u0435\u043b\u043e\u0433\u0440\u0430\u043c\u043c, \u043f\u0440\u0438\u0441\u0432\u043e\u0435\u043d\u0438\u0435 \u0437\u043d\u0430\u0447\u0435\u043d\u0438\u0439, \u043f\u043e\u043b\u0443\u0447\u0435\u043d\u0438\u0435 \u043a\u043e\u043d\u0435\u0447\u043d\u044b\u0445 \u0434\u0430\u043d\u043d\u044b\u0445 Sisend ja v\u00e4ljund-\u0432\u0437\u043e\u0434 \u0438 \u0432\u044b\u0445\u043e\u0434 \u0434\u0430\u043d\u043d\u044b\u0445 Romb-\u0440\u043e\u043c\u0431 Tingimus-\u0423\u0441\u043b\u043e\u0432\u0438\u044f, \u0439\u0435\u0441 \u043e\u0440 \u043d\u043e\u0443 Ovaal- \u043e\u0432\u0430\u043b. \u041d\u0430\u0447\u0430\u043b\u043e \u0438 \u043a\u043e\u043d\u0435\u0446 Algus ja l\u00f5pp- \u041d\u0430\u0447\u0430\u043b\u043e \u0438 \u043a\u043e\u043d\u0435\u0446 nool-\u0441\u0442\u0440\u0435\u043b\u043a\u0430 Suund-\u041d\u0430\u043f\u0440\u0430\u0432\u043b\u0435\u043d\u0438\u0435 *\u0434\u0430\u043d\u043d\u044b\u0445* Programm-\u041f\u0440\u043e\u0433\u0440\u0430\u043c\u043c\u0430 Sisend ja [&hellip;]","og_url":"https:\/\/aleksanderrogovski22.thkit.ee\/wp\/sonastik\/","og_site_name":"Aleksander Rogovski portfoolio","twitter_card":"summary_large_image","schema":{"@context":"https:\/\/schema.org","@graph":[{"@type":"WebPage","@id":"https:\/\/aleksanderrogovski22.thkit.ee\/wp\/sonastik\/","url":"https:\/\/aleksanderrogovski22.thkit.ee\/wp\/sonastik\/","name":"S\u00f5nastik - Aleksander Rogovski portfoolio","isPartOf":{"@id":"https:\/\/aleksanderrogovski22.thkit.ee\/wp\/#website"},"datePublished":"2022-11-11T09:19:03+00:00","breadcrumb":{"@id":"https:\/\/aleksanderrogovski22.thkit.ee\/wp\/sonastik\/#breadcrumb"},"inLanguage":"et","potentialAction":[{"@type":"ReadAction","target":["https:\/\/aleksanderrogovski22.thkit.ee\/wp\/sonastik\/"]}]},{"@type":"BreadcrumbList","@id":"https:\/\/aleksanderrogovski22.thkit.ee\/wp\/sonastik\/#breadcrumb","itemListElement":[{"@type":"ListItem","position":1,"name":"\u0413\u043b\u0430\u0432\u043d\u0430\u044f \u0441\u0442\u0440\u0430\u043d\u0438\u0446\u0430","item":"https:\/\/aleksanderrogovski22.thkit.ee\/wp\/"},{"@type":"ListItem","position":2,"name":"S\u00f5nastik"}]},{"@type":"WebSite","@id":"https:\/\/aleksanderrogovski22.thkit.ee\/wp\/#website","url":"https:\/\/aleksanderrogovski22.thkit.ee\/wp\/","name":"Aleksander Rogovski portfoolio","description":"Noorem tarkvaraarendaja","potentialAction":[{"@type":"SearchAction","target":{"@type":"EntryPoint","urlTemplate":"https:\/\/aleksanderrogovski22.thkit.ee\/wp\/?s={search_term_string}"},"query-input":{"@type":"PropertyValueSpecification","valueRequired":true,"valueName":"search_term_string"}}],"inLanguage":"et"}]}},"_links":{"self":[{"href":"https:\/\/aleksanderrogovski22.thkit.ee\/wp\/wp-json\/wp\/v2\/pages\/228","targetHints":{"allow":["GET"]}}],"collection":[{"href":"https:\/\/aleksanderrogovski22.thkit.ee\/wp\/wp-json\/wp\/v2\/pages"}],"about":[{"href":"https:\/\/aleksanderrogovski22.thkit.ee\/wp\/wp-json\/wp\/v2\/types\/page"}],"author":[{"embeddable":true,"href":"https:\/\/aleksanderrogovski22.thkit.ee\/wp\/wp-json\/wp\/v2\/users\/2"}],"replies":[{"embeddable":true,"href":"https:\/\/aleksanderrogovski22.thkit.ee\/wp\/wp-json\/wp\/v2\/comments?post=228"}],"version-history":[{"count":0,"href":"https:\/\/aleksanderrogovski22.thkit.ee\/wp\/wp-json\/wp\/v2\/pages\/228\/revisions"}],"wp:attachment":[{"href":"https:\/\/aleksanderrogovski22.thkit.ee\/wp\/wp-json\/wp\/v2\/media?parent=228"}],"curies":[{"name":"wp","href":"https:\/\/api.w.org\/{rel}","templated":true}]}}