{"id":27,"date":"2022-09-06T15:36:39","date_gmt":"2022-09-06T12:36:39","guid":{"rendered":"https:\/\/aleksrogovskii.wordpress.com\/?page_id=27"},"modified":"2023-12-19T12:05:20","modified_gmt":"2023-12-19T10:05:20","slug":"minu-info","status":"publish","type":"page","link":"https:\/\/aleksanderrogovski22.thkit.ee\/wp\/minu-info\/","title":{"rendered":"Minu info"},"content":{"rendered":"\n<div class=\"wp-block-group has-background\" style=\"background-color:#d6dfe6\"><div class=\"wp-block-group__inner-container is-layout-constrained wp-block-group-is-layout-constrained\">\n<p>Minu nimi on Alexander, hetkel \u00f5pin ma PO nooremaks arendajaks. Mulle meeldib v\u00e4ga aktiivne vaba aja veetmine looduses. Ma olen ka ajaloohuviline.<\/p>\n<\/div><\/div>\n\n\n\n<div class=\"wp-block-group has-background\" style=\"background-color:#d4d8dd\"><div class=\"wp-block-group__inner-container is-layout-constrained wp-block-group-is-layout-constrained\">\n<div class=\"wp-block-group\"><div class=\"wp-block-group__inner-container is-layout-constrained wp-block-group-is-layout-constrained\">\n<figure class=\"wp-block-image size-large\"><img decoding=\"async\" src=\"https:\/\/aleksrogovskii.files.wordpress.com\/2022\/09\/image-7.png?w=225\" alt=\"\" class=\"wp-image-39\"\/><\/figure>\n<\/div><\/div>\n<\/div><\/div>\n\n\n\n<div class=\"wp-block-group has-background\" style=\"background-color:#d6dfe6\"><div class=\"wp-block-group__inner-container is-layout-constrained wp-block-group-is-layout-constrained\">\n<p>Samuti olen ma suur s\u00f5jalis-taktikaliste m\u00e4ngude ja matkade austaja. Ma armastan loodust ja loomi. Pildil olen ma k\u00f5ige parempoolsem.<\/p>\n<\/div><\/div>\n\n\n\n<div class=\"wp-block-group has-background\" style=\"background-color:#d4d8dd\"><div class=\"wp-block-group__inner-container is-layout-constrained wp-block-group-is-layout-constrained\">\n<figure class=\"wp-block-image size-large is-resized\"><img loading=\"lazy\" decoding=\"async\" src=\"https:\/\/aleksrogovskii.files.wordpress.com\/2022\/10\/image-2.png?w=768\" alt=\"\" class=\"wp-image-132\" style=\"width:318px;height:423px\" width=\"318\" height=\"423\"\/><figcaption class=\"wp-element-caption\">Foto meeskonnaga<\/figcaption><\/figure>\n<\/div><\/div>\n\n\n\n<p>https:\/\/habr.com\/ru\/articles\/424087\/<\/p>\n","protected":false},"excerpt":{"rendered":"<p>Minu nimi on Alexander, hetkel \u00f5pin ma PO nooremaks arendajaks. Mulle meeldib v\u00e4ga aktiivne vaba aja veetmine looduses. Ma olen ka ajaloohuviline. Samuti olen ma suur s\u00f5jalis-taktikaliste m\u00e4ngude ja matkade austaja. Ma armastan loodust ja loomi. Pildil olen ma k\u00f5ige parempoolsem. https:\/\/habr.com\/ru\/articles\/424087\/<\/p>\n","protected":false},"author":2,"featured_media":0,"parent":0,"menu_order":0,"comment_status":"closed","ping_status":"closed","template":"","meta":{"footnotes":""},"class_list":["post-27","page","type-page","status-publish","hentry"],"yoast_head":"<!-- This site is optimized with the Yoast SEO plugin v27.4 - https:\/\/yoast.com\/product\/yoast-seo-wordpress\/ -->\n<title>Minu info - Aleksander Rogovski portfoolio<\/title>\n<meta name=\"robots\" content=\"index, follow, max-snippet:-1, max-image-preview:large, max-video-preview:-1\" \/>\n<link rel=\"canonical\" href=\"https:\/\/aleksanderrogovski22.thkit.ee\/wp\/minu-info\/\" \/>\n<meta property=\"og:locale\" content=\"et_EE\" \/>\n<meta property=\"og:type\" content=\"article\" \/>\n<meta property=\"og:title\" content=\"Minu info - Aleksander Rogovski portfoolio\" \/>\n<meta property=\"og:description\" content=\"Minu nimi on Alexander, hetkel \u00f5pin ma PO nooremaks arendajaks. Mulle meeldib v\u00e4ga aktiivne vaba aja veetmine looduses. Ma olen ka ajaloohuviline. Samuti olen ma suur s\u00f5jalis-taktikaliste m\u00e4ngude ja matkade austaja. Ma armastan loodust ja loomi. Pildil olen ma k\u00f5ige parempoolsem. https:\/\/habr.com\/ru\/articles\/424087\/\" \/>\n<meta property=\"og:url\" content=\"https:\/\/aleksanderrogovski22.thkit.ee\/wp\/minu-info\/\" \/>\n<meta property=\"og:site_name\" content=\"Aleksander Rogovski portfoolio\" \/>\n<meta property=\"article:modified_time\" content=\"2023-12-19T10:05:20+00:00\" \/>\n<meta property=\"og:image\" content=\"https:\/\/aleksrogovskii.files.wordpress.com\/2022\/09\/image-7.png?w=225\" \/>\n<meta name=\"twitter:card\" content=\"summary_large_image\" \/>\n<meta name=\"twitter:label1\" content=\"Est. reading time\" \/>\n\t<meta name=\"twitter:data1\" content=\"1 minut\" \/>\n<script type=\"application\/ld+json\" class=\"yoast-schema-graph\">{\"@context\":\"https:\\\/\\\/schema.org\",\"@graph\":[{\"@type\":\"WebPage\",\"@id\":\"https:\\\/\\\/aleksanderrogovski22.thkit.ee\\\/wp\\\/minu-info\\\/\",\"url\":\"https:\\\/\\\/aleksanderrogovski22.thkit.ee\\\/wp\\\/minu-info\\\/\",\"name\":\"Minu info - Aleksander Rogovski portfoolio\",\"isPartOf\":{\"@id\":\"https:\\\/\\\/aleksanderrogovski22.thkit.ee\\\/wp\\\/#website\"},\"primaryImageOfPage\":{\"@id\":\"https:\\\/\\\/aleksanderrogovski22.thkit.ee\\\/wp\\\/minu-info\\\/#primaryimage\"},\"image\":{\"@id\":\"https:\\\/\\\/aleksanderrogovski22.thkit.ee\\\/wp\\\/minu-info\\\/#primaryimage\"},\"thumbnailUrl\":\"https:\\\/\\\/aleksrogovskii.files.wordpress.com\\\/2022\\\/09\\\/image-7.png?w=225\",\"datePublished\":\"2022-09-06T12:36:39+00:00\",\"dateModified\":\"2023-12-19T10:05:20+00:00\",\"breadcrumb\":{\"@id\":\"https:\\\/\\\/aleksanderrogovski22.thkit.ee\\\/wp\\\/minu-info\\\/#breadcrumb\"},\"inLanguage\":\"et\",\"potentialAction\":[{\"@type\":\"ReadAction\",\"target\":[\"https:\\\/\\\/aleksanderrogovski22.thkit.ee\\\/wp\\\/minu-info\\\/\"]}]},{\"@type\":\"ImageObject\",\"inLanguage\":\"et\",\"@id\":\"https:\\\/\\\/aleksanderrogovski22.thkit.ee\\\/wp\\\/minu-info\\\/#primaryimage\",\"url\":\"https:\\\/\\\/aleksrogovskii.files.wordpress.com\\\/2022\\\/09\\\/image-7.png?w=225\",\"contentUrl\":\"https:\\\/\\\/aleksrogovskii.files.wordpress.com\\\/2022\\\/09\\\/image-7.png?w=225\"},{\"@type\":\"BreadcrumbList\",\"@id\":\"https:\\\/\\\/aleksanderrogovski22.thkit.ee\\\/wp\\\/minu-info\\\/#breadcrumb\",\"itemListElement\":[{\"@type\":\"ListItem\",\"position\":1,\"name\":\"\u0413\u043b\u0430\u0432\u043d\u0430\u044f \u0441\u0442\u0440\u0430\u043d\u0438\u0446\u0430\",\"item\":\"https:\\\/\\\/aleksanderrogovski22.thkit.ee\\\/wp\\\/\"},{\"@type\":\"ListItem\",\"position\":2,\"name\":\"Minu info\"}]},{\"@type\":\"WebSite\",\"@id\":\"https:\\\/\\\/aleksanderrogovski22.thkit.ee\\\/wp\\\/#website\",\"url\":\"https:\\\/\\\/aleksanderrogovski22.thkit.ee\\\/wp\\\/\",\"name\":\"Aleksander Rogovski portfoolio\",\"description\":\"Noorem tarkvaraarendaja\",\"potentialAction\":[{\"@type\":\"SearchAction\",\"target\":{\"@type\":\"EntryPoint\",\"urlTemplate\":\"https:\\\/\\\/aleksanderrogovski22.thkit.ee\\\/wp\\\/?s={search_term_string}\"},\"query-input\":{\"@type\":\"PropertyValueSpecification\",\"valueRequired\":true,\"valueName\":\"search_term_string\"}}],\"inLanguage\":\"et\"}]}<\/script>\n<!-- \/ Yoast SEO plugin. -->","yoast_head_json":{"title":"Minu info - Aleksander Rogovski portfoolio","robots":{"index":"index","follow":"follow","max-snippet":"max-snippet:-1","max-image-preview":"max-image-preview:large","max-video-preview":"max-video-preview:-1"},"canonical":"https:\/\/aleksanderrogovski22.thkit.ee\/wp\/minu-info\/","og_locale":"et_EE","og_type":"article","og_title":"Minu info - Aleksander Rogovski portfoolio","og_description":"Minu nimi on Alexander, hetkel \u00f5pin ma PO nooremaks arendajaks. Mulle meeldib v\u00e4ga aktiivne vaba aja veetmine looduses. Ma olen ka ajaloohuviline. Samuti olen ma suur s\u00f5jalis-taktikaliste m\u00e4ngude ja matkade austaja. Ma armastan loodust ja loomi. Pildil olen ma k\u00f5ige parempoolsem. https:\/\/habr.com\/ru\/articles\/424087\/","og_url":"https:\/\/aleksanderrogovski22.thkit.ee\/wp\/minu-info\/","og_site_name":"Aleksander Rogovski portfoolio","article_modified_time":"2023-12-19T10:05:20+00:00","og_image":[{"url":"https:\/\/aleksrogovskii.files.wordpress.com\/2022\/09\/image-7.png?w=225","type":"","width":"","height":""}],"twitter_card":"summary_large_image","twitter_misc":{"Est. reading time":"1 minut"},"schema":{"@context":"https:\/\/schema.org","@graph":[{"@type":"WebPage","@id":"https:\/\/aleksanderrogovski22.thkit.ee\/wp\/minu-info\/","url":"https:\/\/aleksanderrogovski22.thkit.ee\/wp\/minu-info\/","name":"Minu info - Aleksander Rogovski portfoolio","isPartOf":{"@id":"https:\/\/aleksanderrogovski22.thkit.ee\/wp\/#website"},"primaryImageOfPage":{"@id":"https:\/\/aleksanderrogovski22.thkit.ee\/wp\/minu-info\/#primaryimage"},"image":{"@id":"https:\/\/aleksanderrogovski22.thkit.ee\/wp\/minu-info\/#primaryimage"},"thumbnailUrl":"https:\/\/aleksrogovskii.files.wordpress.com\/2022\/09\/image-7.png?w=225","datePublished":"2022-09-06T12:36:39+00:00","dateModified":"2023-12-19T10:05:20+00:00","breadcrumb":{"@id":"https:\/\/aleksanderrogovski22.thkit.ee\/wp\/minu-info\/#breadcrumb"},"inLanguage":"et","potentialAction":[{"@type":"ReadAction","target":["https:\/\/aleksanderrogovski22.thkit.ee\/wp\/minu-info\/"]}]},{"@type":"ImageObject","inLanguage":"et","@id":"https:\/\/aleksanderrogovski22.thkit.ee\/wp\/minu-info\/#primaryimage","url":"https:\/\/aleksrogovskii.files.wordpress.com\/2022\/09\/image-7.png?w=225","contentUrl":"https:\/\/aleksrogovskii.files.wordpress.com\/2022\/09\/image-7.png?w=225"},{"@type":"BreadcrumbList","@id":"https:\/\/aleksanderrogovski22.thkit.ee\/wp\/minu-info\/#breadcrumb","itemListElement":[{"@type":"ListItem","position":1,"name":"\u0413\u043b\u0430\u0432\u043d\u0430\u044f \u0441\u0442\u0440\u0430\u043d\u0438\u0446\u0430","item":"https:\/\/aleksanderrogovski22.thkit.ee\/wp\/"},{"@type":"ListItem","position":2,"name":"Minu info"}]},{"@type":"WebSite","@id":"https:\/\/aleksanderrogovski22.thkit.ee\/wp\/#website","url":"https:\/\/aleksanderrogovski22.thkit.ee\/wp\/","name":"Aleksander Rogovski portfoolio","description":"Noorem tarkvaraarendaja","potentialAction":[{"@type":"SearchAction","target":{"@type":"EntryPoint","urlTemplate":"https:\/\/aleksanderrogovski22.thkit.ee\/wp\/?s={search_term_string}"},"query-input":{"@type":"PropertyValueSpecification","valueRequired":true,"valueName":"search_term_string"}}],"inLanguage":"et"}]}},"_links":{"self":[{"href":"https:\/\/aleksanderrogovski22.thkit.ee\/wp\/wp-json\/wp\/v2\/pages\/27","targetHints":{"allow":["GET"]}}],"collection":[{"href":"https:\/\/aleksanderrogovski22.thkit.ee\/wp\/wp-json\/wp\/v2\/pages"}],"about":[{"href":"https:\/\/aleksanderrogovski22.thkit.ee\/wp\/wp-json\/wp\/v2\/types\/page"}],"author":[{"embeddable":true,"href":"https:\/\/aleksanderrogovski22.thkit.ee\/wp\/wp-json\/wp\/v2\/users\/2"}],"replies":[{"embeddable":true,"href":"https:\/\/aleksanderrogovski22.thkit.ee\/wp\/wp-json\/wp\/v2\/comments?post=27"}],"version-history":[{"count":1,"href":"https:\/\/aleksanderrogovski22.thkit.ee\/wp\/wp-json\/wp\/v2\/pages\/27\/revisions"}],"predecessor-version":[{"id":1873,"href":"https:\/\/aleksanderrogovski22.thkit.ee\/wp\/wp-json\/wp\/v2\/pages\/27\/revisions\/1873"}],"wp:attachment":[{"href":"https:\/\/aleksanderrogovski22.thkit.ee\/wp\/wp-json\/wp\/v2\/media?parent=27"}],"curies":[{"name":"wp","href":"https:\/\/api.w.org\/{rel}","templated":true}]}}